{"id":508,"date":"2019-03-06T08:02:34","date_gmt":"2019-03-06T08:02:34","guid":{"rendered":"http:\/\/kho1.khomaudeprt.com\/nthatwin\/?page_id=508"},"modified":"2021-05-26T09:21:54","modified_gmt":"2021-05-26T09:21:54","slug":"gioi-thieu","status":"publish","type":"page","link":"https:\/\/noithat25.mauthemewp.net\/?page_id=508","title":{"rendered":"Gi\u1edbi thi\u1ec7u"},"content":{"rendered":"\n\t<section class=\"section gt01\" id=\"section_193882043\">\n\t\t<div class=\"section-bg fill\" >\n\t\t\t\t\t\t\t\t\t\n\t\t\t\n\n\t\t<\/div>\n\n\t\t\n\n\t\t<div class=\"section-content relative\">\n\t\t\t\n<div class=\"row\"  id=\"row-2033892508\">\n\n\t<div id=\"col-1930769032\" class=\"col medium-4 small-12 large-4\"  >\n\t\t\t\t<div class=\"col-inner\"  >\n\t\t\t\n\t\t\t\n\t<div class=\"box has-hover   has-hover box-text-bottom\" >\n\n\t\t<div class=\"box-image\" >\n\t\t\t\t\t\t<div class=\"\" >\n\t\t\t\t<img decoding=\"async\" src=\"https:\/\/noithat25.mauthemewp.net\/wp-content\/themes\/flatsome\/assets\/img\/missing.jpg\" \/>\t\t\t\t\t\t\t\t\t\t\t<\/div>\n\t\t\t\t\t<\/div>\n\n\t\t<div class=\"box-text text-center\" >\n\t\t\t<div class=\"box-text-inner\">\n\t\t\t\t\n<h4>\u0110\u1ed9i ng\u0169<br \/>\nNh\u00e2n s\u1ef1<\/h4>\n<p>Tr\u1ea3i qua ch\u1eb7ng \u0111\u01b0\u1eddng d\u00e0i tr\u01b0\u1edfng th\u00e0nh v\u00e0 ph\u00e1t tri\u1ec3n, ch\u00ednh nh\u1eefng con ng\u01b0\u1eddi N\u1ed9i Th\u1ea5t Win \u0111\u00e3 l\u00e0m n\u00ean nh\u1eefng gi\u00e1 tr\u1ecb t\u1ed1t \u0111\u1eb9p, \u0111\u00f3ng g\u00f3p v\u00e0o th\u00e0nh c\u00f4ng c\u1ee7a T\u1eadp \u0111o\u00e0n h\u00f4m nay.<\/p>\n<p><a href=\"#1\">Xem chi ti\u1ebft ><\/a><\/p>\n\t\t\t<\/div>\n\t\t<\/div>\n\t<\/div>\n\t\n\t\t<\/div>\n\t\t\t\t\t<\/div>\n\n\t\n\n\t<div id=\"col-317916249\" class=\"col medium-4 small-12 large-4\"  >\n\t\t\t\t<div class=\"col-inner\"  >\n\t\t\t\n\t\t\t\n\t<div class=\"box has-hover   has-hover box-text-bottom\" >\n\n\t\t<div class=\"box-image\" >\n\t\t\t\t\t\t<div class=\"\" >\n\t\t\t\t<img decoding=\"async\" src=\"https:\/\/noithat25.mauthemewp.net\/wp-content\/themes\/flatsome\/assets\/img\/missing.jpg\" \/>\t\t\t\t\t\t\t\t\t\t\t<\/div>\n\t\t\t\t\t<\/div>\n\n\t\t<div class=\"box-text text-center\" >\n\t\t\t<div class=\"box-text-inner\">\n\t\t\t\t\n<h4>t\u1ea7m nh\u00ecn, s\u1ee9 m\u1ec7nh<br \/>\ngi\u00e1 tr\u1ecb c\u1ed1t l\u00f5i<\/h4>\n<p>Tr\u1ea3i qua ch\u1eb7ng \u0111\u01b0\u1eddng d\u00e0i tr\u01b0\u1edfng th\u00e0nh v\u00e0 ph\u00e1t tri\u1ec3n, ch\u00ednh nh\u1eefng con ng\u01b0\u1eddi N\u1ed9i Th\u1ea5t Win \u0111\u00e3 l\u00e0m n\u00ean nh\u1eefng gi\u00e1 tr\u1ecb t\u1ed1t \u0111\u1eb9p, \u0111\u00f3ng g\u00f3p v\u00e0o th\u00e0nh c\u00f4ng c\u1ee7a T\u1eadp \u0111o\u00e0n h\u00f4m nay.<\/p>\n<p><a href=\"#1\">Xem chi ti\u1ebft ><\/a><\/p>\n\t\t\t<\/div>\n\t\t<\/div>\n\t<\/div>\n\t\n\t\t<\/div>\n\t\t\t\t\t<\/div>\n\n\t\n\n\t<div id=\"col-2061950659\" class=\"col medium-4 small-12 large-4\"  >\n\t\t\t\t<div class=\"col-inner\"  >\n\t\t\t\n\t\t\t\n\t<div class=\"box has-hover   has-hover box-text-bottom\" >\n\n\t\t<div class=\"box-image\" >\n\t\t\t\t\t\t<div class=\"\" >\n\t\t\t\t<img decoding=\"async\" src=\"https:\/\/noithat25.mauthemewp.net\/wp-content\/themes\/flatsome\/assets\/img\/missing.jpg\" \/>\t\t\t\t\t\t\t\t\t\t\t<\/div>\n\t\t\t\t\t<\/div>\n\n\t\t<div class=\"box-text text-center\" >\n\t\t\t<div class=\"box-text-inner\">\n\t\t\t\t\n<h4>\u0111\u1ed1i v\u1edbi<br \/>\nkh\u00e1ch h\u00e0ng<\/h4>\n<p>Tr\u1ea3i qua ch\u1eb7ng \u0111\u01b0\u1eddng d\u00e0i tr\u01b0\u1edfng th\u00e0nh v\u00e0 ph\u00e1t tri\u1ec3n, ch\u00ednh nh\u1eefng con ng\u01b0\u1eddi N\u1ed9i Th\u1ea5t Win \u0111\u00e3 l\u00e0m n\u00ean nh\u1eefng gi\u00e1 tr\u1ecb t\u1ed1t \u0111\u1eb9p, \u0111\u00f3ng g\u00f3p v\u00e0o th\u00e0nh c\u00f4ng c\u1ee7a T\u1eadp \u0111o\u00e0n h\u00f4m nay.<\/p>\n<p><a href=\"#1\">Xem chi ti\u1ebft ><\/a><\/p>\n\t\t\t<\/div>\n\t\t<\/div>\n\t<\/div>\n\t\n\t\t<\/div>\n\t\t\t\t\t<\/div>\n\n\t\n<\/div>\n\t\t<\/div>\n\n\t\t\n<style>\n#section_193882043 {\n  padding-top: 30px;\n  padding-bottom: 30px;\n}\n<\/style>\n\t<\/section>\n\t\n\n\t<section class=\"section gt02\" id=\"section_227844133\">\n\t\t<div class=\"section-bg fill\" >\n\t\t\t\t\t\t\t\t\t\n\t\t\t\n\n\t\t<\/div>\n\n\t\t\n\n\t\t<div class=\"section-content relative\">\n\t\t\t\n<div class=\"row row-full-width\"  id=\"row-208841848\">\n\n\t<div id=\"col-769905147\" class=\"col left medium-6 small-12 large-6\"  >\n\t\t\t\t<div class=\"col-inner\"  >\n\t\t\t\n\t\t\t\n\t<div class=\"img has-hover x md-x lg-x y md-y lg-y\" id=\"image_1316676304\">\n\t\t\t\t\t\t\t\t<div class=\"img-inner dark\" >\n\t\t\t<img loading=\"lazy\" decoding=\"async\" width=\"945\" height=\"666\" src=\"https:\/\/noithat25.mauthemewp.net\/wp-content\/uploads\/2021\/05\/gt.jpg\" class=\"attachment-original size-original\" alt=\"\" srcset=\"https:\/\/noithat25.mauthemewp.net\/wp-content\/uploads\/2021\/05\/gt.jpg 945w, https:\/\/noithat25.mauthemewp.net\/wp-content\/uploads\/2021\/05\/gt-568x400.jpg 568w, https:\/\/noithat25.mauthemewp.net\/wp-content\/uploads\/2021\/05\/gt-768x541.jpg 768w\" sizes=\"(max-width: 945px) 100vw, 945px\" \/>\t\t\t\t\t\t\n\t\t\t\t\t<\/div>\n\t\t\t\t\t\t\t\t\n<style>\n#image_1316676304 {\n  width: 100%;\n}\n<\/style>\n\t<\/div>\n\t\n\t\t<\/div>\n\t\t\t\t\t<\/div>\n\n\t\n\n\t<div id=\"col-516329281\" class=\"col right medium-6 small-12 large-6\"  >\n\t\t\t\t<div class=\"col-inner\"  >\n\t\t\t\n\t\t\t\n<h2>N\u1ed8I TH\u1ea4T WIN<\/h2>\n<p>L\u00e0 C\u00f4ng ty thi\u1ebft k\u1ebf v\u00e0 x\u00e2y d\u1ef1ng v\u1edbi kinh nghi\u1ec7m h\u01a1n m\u01b0\u1eddi n\u0103m, ch\u00fang t\u00f4i l\u00e0 nh\u00e0 thi\u1ebft k\u1ebf chuy\u00ean nghi\u1ec7p trong l\u0129nh v\u1ef1c x\u00e2y d\u1ef1ng, trang tr\u00ed n\u1ed9i th\u1ea5t v\u00e0 ngo\u1ea1i th\u1ea5t, thi\u1ebft k\u1ebf \u0111\u1ed3 h\u1ecda, in \u1ea5n, qu\u1ea3ng c\u00e1o v\u1edbi d\u1ecbch v\u1ee5 ch\u1ea5t l\u01b0\u1ee3ng cao.<\/p>\n<p>S\u1ef1 h\u00e0i h\u00f2a gi\u1eefa t\u01b0 duy c\u1ed9ng v\u1edbi \u00fd t\u01b0\u1edfng \u201cthi\u1ebft k\u1ebf\u201d v\u00e0 mong mu\u1ed1n c\u1ee7a kh\u00e1ch h\u00e0ng \u0111\u00f3ng vai tr\u00f2 quan tr\u1ecdng trong vi\u1ec7c \u0111\u01b0a ra m\u1ed9t d\u1ef1 \u00e1n di\u1ec5n ra tr\u00f4i ch\u1ea3y v\u00e0 th\u00e0nh c\u00f4ng t\u1eeb giai \u0111o\u1ea1n thi\u1ebft k\u1ebf \u0111\u1ebfn giai \u0111o\u1ea1n thi c\u00f4ng ho\u00e0n thi\u1ec7n. B\u00ean c\u1ea1nh \u0111\u00f3, vi\u1ec7c x\u00e2y d\u1ef1ng qu\u1ea3n l\u00fd ti\u00eau chu\u1ea9n ch\u1ea5t l\u01b0\u1ee3ng \u0111\u01b0\u1ee3c x\u00e1c \u0111\u1ecbnh tr\u01b0\u1edbc v\u00e0 c\u00f3 t\u1ed5 ch\u1ee9c. H\u00e3y \u0111\u1ebfn v\u1edbi ch\u00fang t\u00f4i v\u00e0 c\u1ea3m nh\u1eadn ch\u1ea5t l\u01b0\u1ee3ng d\u1ecbch v\u1ee5 c\u1ee7a ch\u00fang t\u00f4i. \u0110\u1ec3 ch\u1ee9ng minh cho nh\u1eefng h\u00e0nh \u0111\u1ed9ng c\u1ee7a ch\u00fang t\u00f4i, xin vui l\u00f2ng tham kh\u1ea3o danh m\u1ee5c d\u1ef1 \u00e1n c\u1ee7a ch\u00fang t\u00f4i \u0111\u1ec3 bi\u1ebft th\u00eam th\u00f4ng tin v\u1ec1 nh\u1eefng g\u00ec ch\u00fang t\u00f4i \u0111\u00e3 l\u00e0m. Ch\u00fang t\u00f4i ch\u1eafc ch\u1eafn s\u1ebd kh\u00f4ng l\u00e0m b\u1ea1n th\u1ea5t v\u1ecdng!<\/p>\n<p>\u00a0<\/p>\n<p>Tr\u00e2n tr\u1ecdng c\u1ea3m \u01a1n!<\/p>\n\t\t<\/div>\n\t\t\t\t\t<\/div>\n\n\t\n\n<style>\n#row-208841848 > .col > .col-inner {\n  padding: 0 0px 0px 0px;\n}\n<\/style>\n<\/div>\n\t\t<\/div>\n\n\t\t\n<style>\n#section_227844133 {\n  padding-top: 0px;\n  padding-bottom: 0px;\n}\n<\/style>\n\t<\/section>\n\t\n","protected":false},"excerpt":{"rendered":"","protected":false},"author":1,"featured_media":0,"parent":0,"menu_order":2,"comment_status":"closed","ping_status":"closed","template":"page-blank.php","meta":{"footnotes":""},"class_list":["post-508","page","type-page","status-publish","hentry"],"_links":{"self":[{"href":"https:\/\/noithat25.mauthemewp.net\/index.php?rest_route=\/wp\/v2\/pages\/508"}],"collection":[{"href":"https:\/\/noithat25.mauthemewp.net\/index.php?rest_route=\/wp\/v2\/pages"}],"about":[{"href":"https:\/\/noithat25.mauthemewp.net\/index.php?rest_route=\/wp\/v2\/types\/page"}],"author":[{"embeddable":true,"href":"https:\/\/noithat25.mauthemewp.net\/index.php?rest_route=\/wp\/v2\/users\/1"}],"replies":[{"embeddable":true,"href":"https:\/\/noithat25.mauthemewp.net\/index.php?rest_route=%2Fwp%2Fv2%2Fcomments&post=508"}],"version-history":[{"count":17,"href":"https:\/\/noithat25.mauthemewp.net\/index.php?rest_route=\/wp\/v2\/pages\/508\/revisions"}],"predecessor-version":[{"id":2699,"href":"https:\/\/noithat25.mauthemewp.net\/index.php?rest_route=\/wp\/v2\/pages\/508\/revisions\/2699"}],"wp:attachment":[{"href":"https:\/\/noithat25.mauthemewp.net\/index.php?rest_route=%2Fwp%2Fv2%2Fmedia&parent=508"}],"curies":[{"name":"wp","href":"https:\/\/api.w.org\/{rel}","templated":true}]}}